{"id":82,"date":"2023-02-01T10:22:53","date_gmt":"2023-02-01T09:22:53","guid":{"rendered":"https:\/\/marche.seve-asso.fr\/boutique\/?post_type=product&#038;p=82"},"modified":"2024-09-04T14:23:03","modified_gmt":"2024-09-04T12:23:03","slug":"rillettes-de-poulet-fermier-1-u","status":"publish","type":"product","link":"https:\/\/marche.seve-asso.fr\/boutique\/produit\/rillettes-de-poulet-fermier-1-u\/","title":{"rendered":"Rillettes de poulet fermier (1 unit\u00e9)"},"content":{"rendered":"<p>Rillettes de poulet en bocal de 180 grammes, transform\u00e9 par la ferme du loup ravissant (78) avec du poulet issu de notre exploitation et de la graisse de canard issu de leur \u00e9levage fermier.<br \/>\nPoulet de minimum 100 jours d&rsquo;\u00e9levage, bien nourris, bien \u00e9lev\u00e9s et ayant eu acc\u00e8s \u00e0 de l&rsquo;herbe sur un grand parcours.<\/p>\n<p><em>Quantit\u00e9 : 1 unit\u00e9<\/em><\/p>\n<p><em>6.6 \u20ac\/U<\/em><\/p>\n<p>&nbsp;<\/p>\n","protected":false},"excerpt":{"rendered":"<p>Rillettes de poulet en bocal de 180 grammes, transform\u00e9 par la ferme du loup ravissant (78) avec du poulet issu de notre exploitation et de la graisse de canard issu de leur \u00e9levage fermier. Poulet de minimum 100 jours d&rsquo;\u00e9levage, bien nourris, bien \u00e9lev\u00e9s et ayant eu acc\u00e8s \u00e0 de l&rsquo;herbe sur un grand parcours. [&hellip;]<\/p>\n","protected":false},"featured_media":84,"comment_status":"closed","ping_status":"closed","template":"","meta":[],"product_brand":[],"product_cat":[26,17],"product_tag":[],"class_list":{"0":"post-82","1":"product","2":"type-product","3":"status-publish","4":"has-post-thumbnail","6":"product_cat-earl-des-bouillots-viandes","7":"product_cat-viandes","9":"first","10":"instock","11":"virtual","12":"purchasable","13":"product-type-simple"},"_links":{"self":[{"href":"https:\/\/marche.seve-asso.fr\/boutique\/wp-json\/wp\/v2\/product\/82","targetHints":{"allow":["GET"]}}],"collection":[{"href":"https:\/\/marche.seve-asso.fr\/boutique\/wp-json\/wp\/v2\/product"}],"about":[{"href":"https:\/\/marche.seve-asso.fr\/boutique\/wp-json\/wp\/v2\/types\/product"}],"replies":[{"embeddable":true,"href":"https:\/\/marche.seve-asso.fr\/boutique\/wp-json\/wp\/v2\/comments?post=82"}],"wp:featuredmedia":[{"embeddable":true,"href":"https:\/\/marche.seve-asso.fr\/boutique\/wp-json\/wp\/v2\/media\/84"}],"wp:attachment":[{"href":"https:\/\/marche.seve-asso.fr\/boutique\/wp-json\/wp\/v2\/media?parent=82"}],"wp:term":[{"taxonomy":"product_brand","embeddable":true,"href":"https:\/\/marche.seve-asso.fr\/boutique\/wp-json\/wp\/v2\/product_brand?post=82"},{"taxonomy":"product_cat","embeddable":true,"href":"https:\/\/marche.seve-asso.fr\/boutique\/wp-json\/wp\/v2\/product_cat?post=82"},{"taxonomy":"product_tag","embeddable":true,"href":"https:\/\/marche.seve-asso.fr\/boutique\/wp-json\/wp\/v2\/product_tag?post=82"}],"curies":[{"name":"wp","href":"https:\/\/api.w.org\/{rel}","templated":true}]}}