{"id":80,"date":"2023-02-01T10:16:21","date_gmt":"2023-02-01T09:16:21","guid":{"rendered":"https:\/\/marche.seve-asso.fr\/boutique\/?post_type=product&#038;p=80"},"modified":"2024-08-18T12:03:05","modified_gmt":"2024-08-18T10:03:05","slug":"pain-au-lait-cranberries-chocolat-blanc","status":"publish","type":"product","link":"https:\/\/marche.seve-asso.fr\/boutique\/produit\/pain-au-lait-cranberries-chocolat-blanc\/","title":{"rendered":"Pain au lait cranberries et chocolat blanc"},"content":{"rendered":"<p>Pain au Lait, farine de Froment semi-compl\u00e8te (T.65), cranberries et p\u00e9pites de<br \/>\nchocolat blanc.<br \/>\n(Allerg\u00e8nes : gluten, lait).<br \/>\n<em>Poids : 0.375 Kg <\/em><\/p>\n<p><em>14.67 \u20ac\/Kg<\/em><\/p>\n","protected":false},"excerpt":{"rendered":"<p>Pain au Lait, farine de Froment semi-compl\u00e8te (T.65), cranberries et p\u00e9pites de chocolat blanc. (Allerg\u00e8nes : gluten, lait). Poids : 0.375 Kg 14.67 \u20ac\/Kg<\/p>\n","protected":false},"featured_media":0,"comment_status":"closed","ping_status":"closed","template":"","meta":[],"product_brand":[],"product_cat":[29,34],"product_tag":[],"class_list":{"0":"post-80","1":"product","2":"type-product","3":"status-publish","5":"product_cat-boulangerie","6":"product_cat-fournil-de-la-bergerie","8":"first","9":"instock","10":"virtual","11":"purchasable","12":"product-type-simple"},"_links":{"self":[{"href":"https:\/\/marche.seve-asso.fr\/boutique\/wp-json\/wp\/v2\/product\/80","targetHints":{"allow":["GET"]}}],"collection":[{"href":"https:\/\/marche.seve-asso.fr\/boutique\/wp-json\/wp\/v2\/product"}],"about":[{"href":"https:\/\/marche.seve-asso.fr\/boutique\/wp-json\/wp\/v2\/types\/product"}],"replies":[{"embeddable":true,"href":"https:\/\/marche.seve-asso.fr\/boutique\/wp-json\/wp\/v2\/comments?post=80"}],"wp:attachment":[{"href":"https:\/\/marche.seve-asso.fr\/boutique\/wp-json\/wp\/v2\/media?parent=80"}],"wp:term":[{"taxonomy":"product_brand","embeddable":true,"href":"https:\/\/marche.seve-asso.fr\/boutique\/wp-json\/wp\/v2\/product_brand?post=80"},{"taxonomy":"product_cat","embeddable":true,"href":"https:\/\/marche.seve-asso.fr\/boutique\/wp-json\/wp\/v2\/product_cat?post=80"},{"taxonomy":"product_tag","embeddable":true,"href":"https:\/\/marche.seve-asso.fr\/boutique\/wp-json\/wp\/v2\/product_tag?post=80"}],"curies":[{"name":"wp","href":"https:\/\/api.w.org\/{rel}","templated":true}]}}